{"id":3,"date":"2021-08-21T03:19:06","date_gmt":"2021-08-21T03:19:06","guid":{"rendered":"https:\/\/tendepnhat.com\/blog\/?page_id=3"},"modified":"2021-08-21T07:27:46","modified_gmt":"2021-08-21T07:27:46","slug":"chinh-sach-su-dung","status":"publish","type":"page","link":"https:\/\/tendepnhat.com\/blog\/chinh-sach-su-dung\/","title":{"rendered":"Ch\u00ednh s\u00e1ch s\u1eed d\u1ee5ng"},"content":{"rendered":"\r\n<h2 class=\"wp-block-heading\">Ch\u00fang t\u00f4i l\u00e0 ai<\/h2>\r\n\r\n\r\n\r\n<p>\u0110\u1ecba ch\u1ec9 website l\u00e0: https:\/\/tendepnhat.com<\/p>\r\n\r\n\r\n\r\n\r\n\r\n<h3 class=\"wp-block-heading\">B\u00ecnh lu\u1eadn<\/h3>\r\n<p>Khi b\u00ecnh lu\u1eadn c\u1ea7n \u0111\u1ea3m b\u1ea3o s\u1ef1 l\u1ecbch s\u1ef1, c\u00f3 v\u0103n h\u00f3a. C\u1ea5m \u0111\u01b0\u1ee3c s\u1eed d\u1ee5ng c\u00e1c t\u1eeb ng\u1eef t\u1ee5c t\u0129u, ch\u1eedi b\u1edbi x\u00fac ph\u1ea1m danh d\u1ef1 nh\u00e2n ph\u1ea9m ng\u01b0\u1eddi kh\u00e1c, c\u1ea5m b\u00ecnh lu\u1eadn, g\u00f3p \u00fd nh\u1eefng n\u1ed9i dung v\u1ec1 ch\u00ednh tr\u1ecb, ph\u00e2n bi\u1ec7t d\u00e2n t\u1ed9c, ph\u00e2n bi\u1ec7t t\u00f4n gi\u00e1o v\u00e0 c\u00e1c n\u1ed9i dung mang t\u00ednh khi\u00eau d\u00e2m, kinh d\u1ecb v\u00e0 g\u00e2y t\u1ee9c gi\u1eadn cho ng\u01b0\u1eddi kh\u00e1c. N\u1ebfu vi ph\u1ea1m s\u1ebd b\u1ecb b\u00e1o bu\u1ed9c theo lu\u1eadt \u0111\u1ecbnh v\u00e0 ch\u00fang t\u00f4i kh\u00f4ng ch\u1ecbu tr\u00e1ch nhi\u1ec7m v\u1ec1 n\u1ed9i dung qu\u00fd v\u1ecb b\u00ecnh lu\u1eadn ho\u1eb7c g\u00f3p \u00fd m\u00e0 kh\u00f4ng ph\u1ea3i do ch\u00fang t\u00f4i t\u1ea1o ra.<\/p>\r\n<p>C\u1ee5 th\u1ec3 n\u1ed9i dung c\u1ea5m nh\u01b0 sau:<\/p>\r\n<ul>\r\n<li>Comment kh\u00f4ng ph\u00f9 h\u1ee3p v\u00e0 c\u00f3 ng\u00f4n t\u1eeb th\u00f4 t\u1ee5c, thi\u1ebfu v\u0103n h\u00f3a, kh\u00edch b\u00e1c c\u00e1c commentators kh\u00e1c, c\u00f3 \u00fd \u0111\u1ed3 ch\u00ednh tr\u1ecb, t\u00f4n gi\u00e1o, s\u1eafc t\u1ed9c\u2026<\/li>\r\n<li>Comment mang t\u00ednh\u00a0qu\u1ea3ng c\u00e1o\u00a0c\u00e1 nh\u00e2n m\u00e0 kh\u00f4ng c\u00f3 n\u1ed9i dung li\u00ean quan \u0111\u1ebfn b\u00e0i vi\u1ebft,<\/li>\r\n<li>Comment d\u1ea1ng \u201cv\u00f4 danh\u201d c\u00f3 l\u1eddi l\u1ebd kh\u00f4ng ph\u00f9 h\u1ee3p,<\/li>\r\n<li>Comment m\u1ea1o danh ng\u01b0\u1eddi kh\u00e1c,<\/li>\r\n<li>Comment spams bao g\u1ed3m ch\u00e8n link v\u00e0o comment\u2026..<\/li>\r\n<li>Trong nhi\u1ec1u tr\u01b0\u1eddng h\u1ee3p, c\u00e1c comment l\u1eb7p \u0111i l\u1eb7p l\u1ea1i nhi\u1ec1u l\u1ea7n v\u1edbi c\u00f9ng m\u1ed9t n\u1ed9i dung c\u1ee7a c\u00f9ng m\u1ed9t ng\u01b0\u1eddi nh\u01b0 \u201cHay qu\u00e1, c\u00e1m \u01a1n\u2026.\u201d, ho\u1eb7c c\u00e1c comment \u0111\u00e3 b\u1ecb nh\u1eafc nh\u1edf nh\u01b0ng v\u1eabn t\u00e1i ph\u1ea1m c\u0169ng s\u1ebd b\u1ecb li\u1ec7t v\u00e0o spam.<\/li>\r\n<li>C\u00e1c comment c\u1ed1 t\u00ecnh d\u00f9ng title c\u1ee7a b\u00e0i vi\u1ebft thay cho t\u00ean c\u0169ng s\u1ebd b\u1ecb li\u1ec7t l\u00e0 m\u1ed9t d\u1ea1ng spam.<\/li>\r\n<li>Kh\u00f4ng ch\u00e8n link v\u00e0o n\u1ed9i dung comment tr\u1eeb khi th\u1ef1c s\u1ef1 c\u1ea7n thi\u1ebft, v\u00e0 ph\u1ea3i ph\u00f9 h\u1ee3p v\u1edbi b\u00e0i vi\u1ebft<\/li>\r\n<li>Kh\u00f4ng d\u00f9ng t\u1eeb ng\u1eef thi\u1ebfu v\u0103n h\u00f3a, th\u00f4 t\u1ee5c, kh\u00edch b\u00e1c c\u00e1c commentators kh\u00e1c, mang t\u00ednh ch\u00ednh tr\u1ecb, t\u00f4n gi\u00e1o, s\u1eafc t\u1ed9c\u2026<\/li>\r\n<li>Kh\u00f4ng d\u00f9ng t\u00ean gi\u1ea3, t\u00ean kh\u00f4ng r\u00f5 r\u00e0ng,<\/li>\r\n<li>Kh\u00f4ng d\u00f9ng email m\u1ea1o danh, email gi\u1ea3\u2026<\/li>\r\n<li>Kh\u00f4ng s\u1eed d\u1ee5ng URL c\u1ee7a ng\u01b0\u1eddi kh\u00e1c,<\/li>\r\n<li>Kh\u00f4ng \u0111\u01b0\u1ee3c s\u1eed d\u1ee5ng c\u00e1c URL c\u1ee7a trang trang khi\u00eau d\u00e2m, sex\u2026hay b\u1ea5t c\u1ee9 trang n\u00e0o m\u00e0 lu\u1eadt ph\u00e1p Vi\u1ec7t Nam kh\u00f4ng cho ph\u00e9p.<\/li>\r\n<li>Kh\u00f4ng d\u00f9ng t\u00ean kh\u00f4ng ph\u00f9 h\u1ee3p, t\u00ean c\u1ee7a b\u00e0i vi\u1ebft trong m\u1ee5c Name v\u00ed d\u1ee5:<strong>Download ph\u1ea7n m\u1ec1m Genesis c\u00f3 b\u1ea3n quy\u1ec1n<\/strong>\u00a0hay\u00a0<strong>Chuy\u00ean trang phim ng\u01b0\u1eddi l\u1edbn<\/strong>\u2026<\/li>\r\n<\/ul>\r\n<p>Khi vi ph\u1ea1m c\u00e1c \u0111i\u1ec1u tr\u00ean b\u1ea1n s\u1ebd b\u1ecb ph\u1ea1t:<\/p>\r\n<ol>\r\n<li>Li\u1ec7t IP, email v\u00e0 URL v\u00e0o danh s\u00e1ch kh\u00f4ng \u0111\u01b0\u1ee3c ti\u1ebfp t\u1ee5c comment<\/li>\r\n<li>X\u00f3a to\u00e0n b\u1ed9 c\u00e1c comment m\u00e0 ng\u01b0\u1eddi vi ph\u1ea1m \u0111\u00e3 \u0111\u01b0\u1ee3c ph\u00ea duy\u1ec7t t\u1eeb tr\u01b0\u1edbc \u0111\u1ebfn nay tr\u00ean TenHayNhat.Com m\u00e0 kh\u00f4ng c\u1ea7n th\u00f4ng b\u00e1o.<\/li>\r\n<li>X\u00f3a t\u00e0i kho\u1ea3n user\/contributor\/author c\u00f9ng to\u00e0n b\u1ed9 c\u00e1c b\u00e0i CTV n\u1ebfu ng\u01b0\u1eddi \u0111\u00f3 \u0111\u00e3 t\u1eebng g\u1eedi b\u00e0i CTV tr\u00ean TenHayNhat.Com.<\/li>\r\n<li>C\u00e1c h\u00ecnh th\u1ee9c kh\u00e1c s\u1ebd \u0111\u01b0\u1ee3c b\u1ed5 sung nh\u01b0ng kh\u00f4ng h\u1ea1n ch\u1ebf.<\/li>\r\n<\/ol>\r\n\r\n\r\n\r\n<p>Khi kh\u00e1ch truy c\u1eadp \u0111\u1ec3 l\u1ea1i b\u00ecnh lu\u1eadn tr\u00ean trang web, ch\u00fang t\u00f4i thu th\u1eadp d\u1eef li\u1ec7u \u0111\u01b0\u1ee3c hi\u1ec3n th\u1ecb trong bi\u1ec3u m\u1eabu b\u00ecnh lu\u1eadn v\u00e0 c\u0169ng l\u00e0 \u0111\u1ecba ch\u1ec9 IP c\u1ee7a ng\u01b0\u1eddi truy c\u1eadp v\u00e0 chu\u1ed7i user agent c\u1ee7a ng\u01b0\u1eddi d\u00f9ng tr\u00ecnh duy\u1ec7t \u0111\u1ec3 gi\u00fap ph\u00e1t hi\u1ec7n spam<\/p>\r\n\r\n\r\n\r\n<p>M\u1ed9t chu\u1ed7i \u1ea9n danh \u0111\u01b0\u1ee3c t\u1ea1o t\u1eeb \u0111\u1ecba ch\u1ec9 email c\u1ee7a b\u1ea1n (c\u00f2n \u0111\u01b0\u1ee3c g\u1ecdi l\u00e0 hash) c\u00f3 th\u1ec3 \u0111\u01b0\u1ee3c cung c\u1ea5p cho d\u1ecbch v\u1ee5 Gravatar \u0111\u1ec3 xem b\u1ea1n c\u00f3 \u0111ang s\u1eed d\u1ee5ng n\u00f3 hay kh\u00f4ng. Ch\u00ednh s\u00e1ch b\u1ea3o m\u1eadt c\u1ee7a d\u1ecbch v\u1ee5 Gravatar c\u00f3 t\u1ea1i \u0111\u00e2y: https:\/\/automattic.com\/privacy\/. Sau khi ch\u1ea5p nh\u1eadn b\u00ecnh lu\u1eadn c\u1ee7a b\u1ea1n, \u1ea3nh ti\u1ec3u s\u1eed c\u1ee7a b\u1ea1n \u0111\u01b0\u1ee3c hi\u1ec3n th\u1ecb c\u00f4ng khai trong ng\u1eef c\u1ea3nh b\u00ecnh lu\u1eadn c\u1ee7a b\u1ea1n.<\/p>\r\n\r\n\r\n\r\n<h3 class=\"wp-block-heading\">Th\u01b0 vi\u1ec7n<\/h3>\r\n\r\n\r\n\r\n<p>N\u1ebfu b\u1ea1n t\u1ea3i h\u00ecnh \u1ea3nh l\u00ean trang web, b\u1ea1n n\u00ean tr\u00e1nh t\u1ea3i l\u00ean h\u00ecnh \u1ea3nh c\u00f3 d\u1eef li\u1ec7u v\u1ecb tr\u00ed \u0111\u01b0\u1ee3c nh\u00fang (EXIF GPS) \u0111i k\u00e8m. Kh\u00e1ch truy c\u1eadp v\u00e0o trang web c\u00f3 th\u1ec3 t\u1ea3i xu\u1ed1ng v\u00e0 gi\u1ea3i n\u00e9n b\u1ea5t k\u1ef3 d\u1eef li\u1ec7u v\u1ecb tr\u00ed n\u00e0o t\u1eeb h\u00ecnh \u1ea3nh tr\u00ean trang web.<\/p>\r\n\r\n\r\n\r\n<h3 class=\"wp-block-heading\">Th\u00f4ng tin li\u00ean h\u1ec7<\/h3>\r\n\r\n\r\n\r\n<h3 class=\"wp-block-heading\">Cookies<\/h3>\r\n\r\n\r\n\r\n<p>N\u1ebfu b\u1ea1n vi\u1ebft b\u00ecnh lu\u1eadn trong website, b\u1ea1n c\u00f3 th\u1ec3 cung c\u1ea5p c\u1ea7n nh\u1eadp t\u00ean, email \u0111\u1ecba ch\u1ec9 website trong cookie. C\u00e1c th\u00f4ng tin n\u00e0y nh\u1eb1m gi\u00fap b\u1ea1n kh\u00f4ng c\u1ea7n nh\u1eadp th\u00f4ng tin nhi\u1ec1u l\u1ea7n khi vi\u1ebft b\u00ecnh lu\u1eadn kh\u00e1c. Cookie n\u00e0y s\u1ebd \u0111\u01b0\u1ee3c l\u01b0u gi\u1eef trong m\u1ed9t n\u0103m.<\/p>\r\n\r\n\r\n\r\n<p>N\u1ebfu b\u1ea1n v\u00e0o trang \u0111\u0103ng nh\u1eadp, ch\u00fang t\u00f4i s\u1ebd thi\u1ebft l\u1eadp m\u1ed9t cookie t\u1ea1m th\u1eddi \u0111\u1ec3 x\u00e1c \u0111\u1ecbnh n\u1ebfu tr\u00ecnh duy\u1ec7t cho ph\u00e9p s\u1eed d\u1ee5ng cookie. Cookie n\u00e0y kh\u00f4ng bao g\u1ed3m th\u00f4ng tin c\u00e1 nh\u00e2n v\u00e0 s\u1ebd \u0111\u01b0\u1ee3c g\u1ee1 b\u1ecf khi b\u1ea1n \u0111\u00f3ng tr\u00ecnh duy\u1ec7t.<\/p>\r\n\r\n\r\n\r\n<p>Khi b\u1ea1n \u0111\u0103ng nh\u1eadp, ch\u00fang t\u00f4i s\u1ebd thi\u1ebft l\u1eadp m\u1ed9t v\u00e0i cookie \u0111\u1ec3 l\u01b0u th\u00f4ng tin \u0111\u0103ng nh\u1eadp v\u00e0 l\u1ef1a ch\u1ecdn hi\u1ec3n th\u1ecb. Th\u00f4ng tin \u0111\u0103ng nh\u1eadp g\u1ea7n nh\u1ea5t l\u01b0u trong hai ng\u00e0y, v\u00e0 l\u1ef1a ch\u1ecdn hi\u1ec3n th\u1ecb g\u1ea7n nh\u1ea5t l\u01b0u trong m\u1ed9t n\u0103m. N\u1ebfu b\u1ea1n ch\u1ecdn &#8220;Nh\u1edb t\u00f4i&#8221;, th\u00f4ng tin \u0111\u0103ng nh\u1eadp s\u1ebd \u0111\u01b0\u1ee3c l\u01b0u trong hai tu\u1ea7n. N\u1ebfu b\u1ea1n tho\u00e1t t\u00e0i kho\u1ea3n, th\u00f4ng tin cookie \u0111\u0103ng nh\u1eadp s\u1ebd b\u1ecb xo\u00e1.<\/p>\r\n\r\n\r\n\r\n<p>N\u1ebfu b\u1ea1n s\u1eeda ho\u1eb7c c\u00f4ng b\u1ed1 b\u00e0i vi\u1ebft, m\u1ed9t b\u1ea3n cookie b\u1ed5 sung s\u1ebd \u0111\u01b0\u1ee3c l\u01b0u trong tr\u00ecnh duy\u1ec7t. Cookie n\u00e0y kh\u00f4ng ch\u1ee9a th\u00f4ng tin c\u00e1 nh\u00e2n v\u00e0 ch\u1ec9 \u0111\u01a1n gi\u1ea3n bao g\u1ed3m ID c\u1ee7a b\u00e0i vi\u1ebft b\u1ea1n \u0111\u00e3 s\u1eeda. N\u00f3 t\u1ef1 \u0111\u1ed9ng h\u1ebft h\u1ea1n sau 1 ng\u00e0y.<\/p>\r\n\r\n\r\n\r\n<h3 class=\"wp-block-heading\">N\u1ed9i dung nh\u00fang t\u1eeb website kh\u00e1c<\/h3>\r\n\r\n\r\n\r\n<p>C\u00e1c b\u00e0i vi\u1ebft tr\u00ean trang web n\u00e0y c\u00f3 th\u1ec3 bao g\u1ed3m n\u1ed9i dung \u0111\u01b0\u1ee3c nh\u00fang (v\u00ed d\u1ee5: video, h\u00ecnh \u1ea3nh, b\u00e0i vi\u1ebft, v.v.). N\u1ed9i dung \u0111\u01b0\u1ee3c nh\u00fang t\u1eeb c\u00e1c trang web kh\u00e1c ho\u1ea1t \u0111\u1ed9ng theo c\u00f9ng m\u1ed9t c\u00e1ch ch\u00ednh x\u00e1c nh\u01b0 khi kh\u00e1ch truy c\u1eadp \u0111\u00e3 truy c\u1eadp trang web kh\u00e1c.<\/p>\r\n\r\n\r\n\r\n<p>Nh\u1eefng website n\u00e0y c\u00f3 th\u1ec3 thu th\u1eadp d\u1eef li\u1ec7u v\u1ec1 b\u1ea1n, s\u1eed d\u1ee5ng cookie, nh\u00fang c\u00e1c tr\u00ecnh theo d\u00f5i c\u1ee7a b\u00ean th\u1ee9 ba v\u00e0 gi\u00e1m s\u00e1t t\u01b0\u01a1ng t\u00e1c c\u1ee7a b\u1ea1n v\u1edbi n\u1ed9i dung \u0111\u01b0\u1ee3c nh\u00fang \u0111\u00f3, bao g\u1ed3m theo d\u00f5i t\u01b0\u01a1ng t\u00e1c c\u1ee7a b\u1ea1n v\u1edbi n\u1ed9i dung \u0111\u01b0\u1ee3c nh\u00fang n\u1ebfu b\u1ea1n c\u00f3 t\u00e0i kho\u1ea3n v\u00e0 \u0111\u00e3 \u0111\u0103ng nh\u1eadp v\u00e0o trang web \u0111\u00f3.<\/p>\r\n\r\n\r\n\r\n\r\n\r\n<h2 class=\"wp-block-heading\">D\u1eef li\u1ec7u c\u1ee7a b\u1ea1n t\u1ed3n t\u1ea1i bao l\u00e2u<\/h2>\r\n\r\n\r\n\r\n<p>N\u1ebfu b\u1ea1n \u0111\u1ec3 l\u1ea1i b\u00ecnh lu\u1eadn, b\u00ecnh lu\u1eadn v\u00e0 si\u00eau d\u1eef li\u1ec7u c\u1ee7a n\u00f3 s\u1ebd \u0111\u01b0\u1ee3c gi\u1eef l\u1ea1i v\u00f4 th\u1eddi h\u1ea1n. \u0110i\u1ec1u n\u00e0y l\u00e0 \u0111\u1ec3 ch\u00fang t\u00f4i c\u00f3 th\u1ec3 t\u1ef1 \u0111\u1ed9ng nh\u1eadn ra v\u00e0 ch\u1ea5p nh\u1eadn b\u1ea5t k\u1ef3 b\u00ecnh lu\u1eadn n\u00e0o thay v\u00ec gi\u1eef ch\u00fang trong khu v\u1ef1c \u0111\u1ee3i ki\u1ec3m duy\u1ec7t.<\/p>\r\n\r\n\r\n\r\n<p>\u0110\u1ed1i v\u1edbi ng\u01b0\u1eddi d\u00f9ng \u0111\u0103ng k\u00fd tr\u00ean trang web c\u1ee7a ch\u00fang t\u00f4i (n\u1ebfu c\u00f3), ch\u00fang t\u00f4i c\u0169ng l\u01b0u tr\u1eef th\u00f4ng tin c\u00e1 nh\u00e2n m\u00e0 h\u1ecd cung c\u1ea5p trong h\u1ed3 s\u01a1 ng\u01b0\u1eddi d\u00f9ng c\u1ee7a h\u1ecd. T\u1ea5t c\u1ea3 ng\u01b0\u1eddi d\u00f9ng c\u00f3 th\u1ec3 xem, ch\u1ec9nh s\u1eeda ho\u1eb7c x\u00f3a th\u00f4ng tin c\u00e1 nh\u00e2n c\u1ee7a h\u1ecd b\u1ea5t k\u1ef3 l\u00fac n\u00e0o (ngo\u1ea1i tr\u1eeb h\u1ecd kh\u00f4ng th\u1ec3 thay \u0111\u1ed5i t\u00ean ng\u01b0\u1eddi d\u00f9ng c\u1ee7a h\u1ecd). Qu\u1ea3n tr\u1ecb vi\u00ean trang web c\u0169ng c\u00f3 th\u1ec3 xem v\u00e0 ch\u1ec9nh s\u1eeda th\u00f4ng tin \u0111\u00f3.<\/p>\r\n\r\n\r\n\r\n<h2 class=\"wp-block-heading\">C\u00e1c quy\u1ec1n n\u00e0o c\u1ee7a b\u1ea1n v\u1edbi d\u1eef li\u1ec7u c\u1ee7a m\u00ecnh<\/h2>\r\n\r\n\r\n\r\n<p>N\u1ebfu b\u1ea1n c\u00f3 t\u00e0i kho\u1ea3n tr\u00ean trang web n\u00e0y ho\u1eb7c \u0111\u00e3 \u0111\u1ec3 l\u1ea1i nh\u1eadn x\u00e9t, b\u1ea1n c\u00f3 th\u1ec3 y\u00eau c\u1ea7u nh\u1eadn t\u1ec7p xu\u1ea5t d\u1eef li\u1ec7u c\u00e1 nh\u00e2n m\u00e0 ch\u00fang t\u00f4i l\u01b0u gi\u1eef v\u1ec1 b\u1ea1n, bao g\u1ed3m m\u1ecdi d\u1eef li\u1ec7u b\u1ea1n \u0111\u00e3 cung c\u1ea5p cho ch\u00fang t\u00f4i. B\u1ea1n c\u0169ng c\u00f3 th\u1ec3 y\u00eau c\u1ea7u ch\u00fang t\u00f4i x\u00f3a m\u1ecdi d\u1eef li\u1ec7u c\u00e1 nh\u00e2n m\u00e0 ch\u00fang t\u00f4i l\u01b0u gi\u1eef v\u1ec1 b\u1ea1n. \u0110i\u1ec1u n\u00e0y kh\u00f4ng bao g\u1ed3m b\u1ea5t k\u1ef3 d\u1eef li\u1ec7u n\u00e0o ch\u00fang t\u00f4i c\u00f3 ngh\u0129a v\u1ee5 gi\u1eef cho c\u00e1c m\u1ee5c \u0111\u00edch h\u00e0nh ch\u00ednh, ph\u00e1p l\u00fd ho\u1eb7c b\u1ea3o m\u1eadt.<\/p>\r\n\r\n\r\n\r\n<h2 class=\"wp-block-heading\">C\u1eadp nh\u1eadp ch\u00ednh s\u00e1ch<\/h2>\r\n\r\n\r\n\r\n<p>\u0110\u1ec3 th\u00edch nghi v\u1edbi m\u00f4i tr\u01b0\u1eddng Internet, ch\u00fang t\u00f4i li\u00ean t\u1ee5c c\u1eadp nh\u1eadp nh\u1eefng ch\u00ednh s\u00e1ch v\u00e0 \u0111i\u1ec1u kho\u1ea3n s\u1eed d\u1ee5ng m\u00e0 kh\u00f4ng c\u1ea7n b\u00e1o tr\u01b0\u1edbc cho b\u1ea1n. Mong qu\u00fd v\u1ecb b\u1edbt ch\u00fat th\u1eddi gian gh\u00e9 \u0111\u1ecdc ch\u00ednh s\u00e1ch c\u1ee7a ch\u00fang t\u00f4i.<\/p>\r\n\r\n\r\n","protected":false},"excerpt":{"rendered":"<p>Ch\u00fang t\u00f4i l\u00e0 ai \u0110\u1ecba ch\u1ec9 website l\u00e0: https:\/\/tendepnhat.com B\u00ecnh lu\u1eadn Khi b\u00ecnh lu\u1eadn c\u1ea7n \u0111\u1ea3m b\u1ea3o s\u1ef1 l\u1ecbch s\u1ef1, c\u00f3 v\u0103n h\u00f3a. C\u1ea5m \u0111\u01b0\u1ee3c s\u1eed d\u1ee5ng c\u00e1c t\u1eeb ng\u1eef t\u1ee5c t\u0129u, ch\u1eedi b\u1edbi x\u00fac ph\u1ea1m danh d\u1ef1 nh\u00e2n ph\u1ea9m ng\u01b0\u1eddi kh\u00e1c, c\u1ea5m b\u00ecnh lu\u1eadn, g\u00f3p \u00fd nh\u1eefng n\u1ed9i dung v\u1ec1 ch\u00ednh tr\u1ecb, ph\u00e2n bi\u1ec7t [&hellip;]<\/p>\n","protected":false},"author":1,"featured_media":0,"parent":0,"menu_order":0,"comment_status":"closed","ping_status":"open","template":"","meta":{"footnotes":""},"_links":{"self":[{"href":"https:\/\/tendepnhat.com\/blog\/wp-json\/wp\/v2\/pages\/3"}],"collection":[{"href":"https:\/\/tendepnhat.com\/blog\/wp-json\/wp\/v2\/pages"}],"about":[{"href":"https:\/\/tendepnhat.com\/blog\/wp-json\/wp\/v2\/types\/page"}],"author":[{"embeddable":true,"href":"https:\/\/tendepnhat.com\/blog\/wp-json\/wp\/v2\/users\/1"}],"replies":[{"embeddable":true,"href":"https:\/\/tendepnhat.com\/blog\/wp-json\/wp\/v2\/comments?post=3"}],"version-history":[{"count":3,"href":"https:\/\/tendepnhat.com\/blog\/wp-json\/wp\/v2\/pages\/3\/revisions"}],"predecessor-version":[{"id":31,"href":"https:\/\/tendepnhat.com\/blog\/wp-json\/wp\/v2\/pages\/3\/revisions\/31"}],"wp:attachment":[{"href":"https:\/\/tendepnhat.com\/blog\/wp-json\/wp\/v2\/media?parent=3"}],"curies":[{"name":"wp","href":"https:\/\/api.w.org\/{rel}","templated":true}]}}